{"id":833,"date":"2026-02-28T12:05:14","date_gmt":"2026-02-28T11:05:14","guid":{"rendered":"https:\/\/www.ahasound.sk\/?page_id=833"},"modified":"2026-03-02T09:15:58","modified_gmt":"2026-03-02T08:15:58","slug":"blog","status":"publish","type":"page","link":"https:\/\/www.ahasound.sk\/en\/blog\/","title":{"rendered":"Blog"},"content":{"rendered":"<div id=\"fws_69f4e3658ec54\"  data-column-margin=\"default\" data-midnight=\"light\"  class=\"wpb_row vc_row-fluid vc_row full-width-section vc_row-o-full-height vc_row-o-columns-top vc_row-o-equal-height vc_row-flex parallax_section top_padding_phone_50px\"  style=\"padding-top: 150px; padding-bottom: 0px; \"><div class=\"row-bg-wrap\" data-bg-animation=\"zoom-out-slow\" data-bg-animation-delay=\"\" data-bg-overlay=\"true\"><div class=\"inner-wrap row-bg-layer using-image\" ><div class=\"row-bg viewport-desktop using-image\" data-parallax-speed=\"fast\" style=\"background-image: url(https:\/\/www.ahasound.sk\/wp-content\/uploads\/2026\/02\/blog_ahasound_bg_2160x862.webp); background-position: center center; background-repeat: no-repeat; \"><\/div><\/div><div class=\"row-bg-overlay row-bg-layer\" style=\"background: #333333; background: linear-gradient(to bottom,#333333 0%,#151519 100%);  opacity: 0.5; \"><\/div><\/div><div class=\"row_col_wrap_12 col span_12 light left\">\n\t<div  class=\"vc_col-sm-12 wpb_column column_container vc_column_container col no-extra-padding inherit_tablet inherit_phone\"  data-padding-pos=\"all\" data-has-bg-color=\"false\" data-bg-color=\"\" data-bg-opacity=\"1\" data-animation=\"\" data-delay=\"0\" >\n\t\t<div class=\"vc_column-inner\" >\n\t\t\t<div class=\"wpb_wrapper\">\n\t\t\t\t<div id=\"fws_69f4e3658f776\" data-midnight=\"\" data-column-margin=\"default\" class=\"wpb_row vc_row-fluid vc_row inner_row\"  style=\"\"><div class=\"row-bg-wrap\"> <div class=\"row-bg\" ><\/div> <\/div><div class=\"row_col_wrap_12_inner col span_12  left\">\n\t<div  class=\"vc_col-sm-12 wpb_column column_container vc_column_container col child_column no-extra-padding el_spacing_10px inherit_tablet inherit_phone\"   data-padding-pos=\"all\" data-has-bg-color=\"false\" data-bg-color=\"\" data-bg-opacity=\"1\" data-animation=\"\" data-delay=\"0\" >\n\t\t<div class=\"vc_column-inner\" >\n\t\t<div class=\"wpb_wrapper\">\n\t\t\t<h4 style=\"color: #B49971;text-align: center\" class=\"vc_custom_heading vc_do_custom_heading wpb_animate_when_almost_visible wpb_fadeInUp fadeInUp vc_custom_1772276693293\" >Blog<\/h4><div class=\"nectar-split-heading\" data-align=\"center\" data-m-align=\"inherit\" data-text-effect=\"default\" data-animation-type=\"line-reveal-by-space\" data-animation-delay=\"0\" data-animation-offset=\"\" data-m-rm-animation=\"\" data-stagger=\"\" data-custom-font-size=\"false\" ><h1 >Novinky zo sveta hudby<\/h1><\/div><div class=\"divider-wrap\" data-alignment=\"default\"><div style=\"height: 50px;\" class=\"divider\"><\/div><\/div>\n<div class=\"row\">\n\n <div class=\"post-area col featured_img_left span_9\" data-ams=\"\" data-remove-post-date=\"1\" data-remove-post-author=\"1\" data-remove-post-comment-number=\"1\" data-remove-post-nectar-love=\"1\"> <div class=\"posts-container\" data-load-animation=\"none\">     \n     \n<article id=\"post-1\" class=\"post-1 post type-post status-publish format-standard has-post-thumbnail category-vystava tag-vystava\">  \n  <div class=\"inner-wrap animated\">\n    <div class=\"post-content\">\n      <div class=\"article-content-wrap\">\n        <div class=\"post-featured-img-wrap\">\n          <a href=\"https:\/\/www.ahasound.sk\/en\/audio-video-show-praha-2026\/\" aria-label=\"01. Audio Video Show Praha 2026\"><span class=\"post-featured-img\"><img loading=\"lazy\" decoding=\"async\" width=\"900\" height=\"600\" src=\"https:\/\/www.ahasound.sk\/wp-content\/uploads\/2025\/09\/audio_video_show_praha_2026_basys_ahasound-900x600.webp\" class=\"attachment-wide_photography size-wide_photography skip-lazy wp-post-image\" alt=\"\" title=\"\" sizes=\"auto, (min-width: 690px) 40vw, 100vw\" \/><\/span><\/a>          \n        <\/div>\n        <div class=\"post-content-wrap\">\n          <a class=\"entire-meta-link\" href=\"https:\/\/www.ahasound.sk\/en\/audio-video-show-praha-2026\/\"><span class=\"screen-reader-text\">01. Audio Video Show Praha 2026<\/span><\/a>\n          <span class=\"meta-category\"><a class=\"vystava\" href=\"https:\/\/www.ahasound.sk\/en\/category\/vystava\/\">V\u00fdstava<\/a><\/span>          \n          <div class=\"post-header\">\n            <h3 class=\"title\"><a href=\"https:\/\/www.ahasound.sk\/en\/audio-video-show-praha-2026\/\"> 01. Audio Video Show Praha 2026<\/a><\/h3>\n          <\/div>\n          \n          <div class=\"excerpt\">AHA Sound na v\u00fdstave - Video Show Praha 2026, 20. \u2013 21. 3. 2026 V&hellip;<\/div><div class=\"grav-wrap\"><a href=\"https:\/\/www.ahasound.sk\/en\/author\/ahaferi\/\"><img alt='ahaferi' src='https:\/\/secure.gravatar.com\/avatar\/f0082719967ff4027a0d612140bb6c234b6d50f42075999fb17d303105b73bc4?s=70&#038;d=mm&#038;r=g' srcset='https:\/\/secure.gravatar.com\/avatar\/f0082719967ff4027a0d612140bb6c234b6d50f42075999fb17d303105b73bc4?s=140&#038;d=mm&#038;r=g 2x' class='avatar avatar-70 photo' height='70' width='70' \/><\/a><div class=\"text\"><a href=\"https:\/\/www.ahasound.sk\/en\/author\/ahaferi\/\" rel=\"author\">ahaferi<\/a><span>26. September 2025<\/span><\/div><\/div>        <\/div>\n      <\/div>\n    <\/div>\n  <\/div>\n<\/article>    \n    <\/div><!--\/posts container-->\n    \n      \n<\/div><!--\/post area-->\n\n  \n  <div id=\"sidebar\" data-nectar-ss=\"\" class=\"col span_3 col_last\">\n    <div id=\"block-2\" class=\"widget widget_block widget_search\"><form role=\"search\" method=\"get\" action=\"https:\/\/www.ahasound.sk\/en\/\" class=\"wp-block-search__button-outside wp-block-search__text-button wp-block-search\" data-trp-original-action=\"https:\/\/www.ahasound.sk\/en\/\"    ><label class=\"wp-block-search__label\" for=\"wp-block-search__input-1\" >Search<\/label><div class=\"wp-block-search__inside-wrapper\" ><input class=\"wp-block-search__input\" id=\"wp-block-search__input-1\" placeholder=\"\" value=\"\" type=\"search\" name=\"s\" required \/><button aria-label=\"Search\" class=\"wp-block-search__button wp-element-button\" type=\"submit\" >Search<\/button><\/div><input type=\"hidden\" name=\"trp-form-language\" value=\"en\"\/><\/form><\/div><div id=\"block-3\" class=\"widget widget_block\">\n<div class=\"wp-block-group is-layout-flow wp-block-group-is-layout-flow\"><\/div>\n<\/div><div id=\"block-4\" class=\"widget widget_block\">\n<div class=\"wp-block-group is-layout-flow wp-block-group-is-layout-flow\"><\/div>\n<\/div>  <\/div><!--\/span_3-->\n \n<\/div>\n\n\n\t\t<\/div> \n\t<\/div>\n\t<\/div> \n<\/div><\/div>\n\t\t\t<\/div> \n\t\t<\/div>\n\t<\/div> \n<\/div><\/div>","protected":false},"excerpt":{"rendered":"AHA Sound na v\u00fdstave - Video Show Praha 2026, 20. \u2013 21. 3. 2026 V d\u0148och 20. a 21. marca 2026 sa v priestoroch Hotela Diplomat Prague uskuto\u010dn\u00ed \u010fal\u0161\u00ed ro\u010dn\u00edk...","protected":false},"author":1,"featured_media":0,"parent":0,"menu_order":0,"comment_status":"closed","ping_status":"closed","template":"","meta":{"footnotes":""},"class_list":["post-833","page","type-page","status-publish"],"yoast_head":"<!-- This site is optimized with the Yoast SEO plugin v27.4 - https:\/\/yoast.com\/product\/yoast-seo-wordpress\/ -->\n<title>Blog - AHA Sound<\/title>\n<meta name=\"robots\" content=\"index, follow, max-snippet:-1, max-image-preview:large, max-video-preview:-1\" \/>\n<link rel=\"canonical\" href=\"https:\/\/www.ahasound.sk\/en\/blog\/\" \/>\n<meta property=\"og:locale\" content=\"en_GB\" \/>\n<meta property=\"og:type\" content=\"article\" \/>\n<meta property=\"og:title\" content=\"Blog - AHA Sound\" \/>\n<meta property=\"og:url\" content=\"https:\/\/www.ahasound.sk\/en\/blog\/\" \/>\n<meta property=\"og:site_name\" content=\"AHA Sound\" \/>\n<meta property=\"article:publisher\" content=\"https:\/\/www.facebook.com\/basys.sk\/\" \/>\n<meta property=\"article:modified_time\" content=\"2026-03-02T08:15:58+00:00\" \/>\n<meta property=\"og:image\" content=\"https:\/\/www.ahasound.sk\/wp-content\/uploads\/2025\/10\/aha_sound_1200x675.webp\" \/>\n\t<meta property=\"og:image:width\" content=\"1200\" \/>\n\t<meta property=\"og:image:height\" content=\"675\" \/>\n\t<meta property=\"og:image:type\" content=\"image\/webp\" \/>\n<meta name=\"twitter:card\" content=\"summary_large_image\" \/>\n<meta name=\"twitter:label1\" content=\"Estimated reading time\" \/>\n\t<meta name=\"twitter:data1\" content=\"1 minute\" \/>\n<script type=\"application\/ld+json\" class=\"yoast-schema-graph\">{\"@context\":\"https:\\\/\\\/schema.org\",\"@graph\":[{\"@type\":\"WebPage\",\"@id\":\"https:\\\/\\\/www.ahasound.sk\\\/blog\\\/\",\"url\":\"https:\\\/\\\/www.ahasound.sk\\\/blog\\\/\",\"name\":\"Blog - AHA Sound\",\"isPartOf\":{\"@id\":\"https:\\\/\\\/www.ahasound.sk\\\/#website\"},\"datePublished\":\"2026-02-28T11:05:14+00:00\",\"dateModified\":\"2026-03-02T08:15:58+00:00\",\"breadcrumb\":{\"@id\":\"https:\\\/\\\/www.ahasound.sk\\\/blog\\\/#breadcrumb\"},\"inLanguage\":\"en-GB\",\"potentialAction\":[{\"@type\":\"ReadAction\",\"target\":[\"https:\\\/\\\/www.ahasound.sk\\\/blog\\\/\"]}]},{\"@type\":\"BreadcrumbList\",\"@id\":\"https:\\\/\\\/www.ahasound.sk\\\/blog\\\/#breadcrumb\",\"itemListElement\":[{\"@type\":\"ListItem\",\"position\":1,\"name\":\"Domovsk\u00e1 str\u00e1nka\",\"item\":\"https:\\\/\\\/www.ahasound.sk\\\/\"},{\"@type\":\"ListItem\",\"position\":2,\"name\":\"Blog\"}]},{\"@type\":\"WebSite\",\"@id\":\"https:\\\/\\\/www.ahasound.sk\\\/#website\",\"url\":\"https:\\\/\\\/www.ahasound.sk\\\/\",\"name\":\"AHA Sound | Z v\u00e1\u0161ne k dobr\u00e9mu zvuku\",\"description\":\"Z v\u00e1\u0161ne k dobr\u00e9mu zvuku\",\"publisher\":{\"@id\":\"https:\\\/\\\/www.ahasound.sk\\\/#organization\"},\"potentialAction\":[{\"@type\":\"SearchAction\",\"target\":{\"@type\":\"EntryPoint\",\"urlTemplate\":\"https:\\\/\\\/www.ahasound.sk\\\/?s={search_term_string}\"},\"query-input\":{\"@type\":\"PropertyValueSpecification\",\"valueRequired\":true,\"valueName\":\"search_term_string\"}}],\"inLanguage\":\"en-GB\"},{\"@type\":\"Organization\",\"@id\":\"https:\\\/\\\/www.ahasound.sk\\\/#organization\",\"name\":\"AHA Sound\",\"url\":\"https:\\\/\\\/www.ahasound.sk\\\/\",\"logo\":{\"@type\":\"ImageObject\",\"inLanguage\":\"en-GB\",\"@id\":\"https:\\\/\\\/www.ahasound.sk\\\/#\\\/schema\\\/logo\\\/image\\\/\",\"url\":\"https:\\\/\\\/www.ahasound.sk\\\/wp-content\\\/uploads\\\/2025\\\/09\\\/AHA_sound_grey_black_400x200_rt.png\",\"contentUrl\":\"https:\\\/\\\/www.ahasound.sk\\\/wp-content\\\/uploads\\\/2025\\\/09\\\/AHA_sound_grey_black_400x200_rt.png\",\"width\":400,\"height\":200,\"caption\":\"AHA Sound\"},\"image\":{\"@id\":\"https:\\\/\\\/www.ahasound.sk\\\/#\\\/schema\\\/logo\\\/image\\\/\"},\"sameAs\":[\"https:\\\/\\\/www.facebook.com\\\/basys.sk\\\/\",\"https:\\\/\\\/www.youtube.com\\\/channel\\\/UCnpX7PBRf3MIqWCS5QLZ3hw\\\/videos\",\"https:\\\/\\\/www.instagram.com\\\/basys.sk\\\/\"]}]}<\/script>\n<!-- \/ Yoast SEO plugin. -->","yoast_head_json":{"title":"Blog - AHA Sound","robots":{"index":"index","follow":"follow","max-snippet":"max-snippet:-1","max-image-preview":"max-image-preview:large","max-video-preview":"max-video-preview:-1"},"canonical":"https:\/\/www.ahasound.sk\/en\/blog\/","og_locale":"en_GB","og_type":"article","og_title":"Blog - AHA Sound","og_url":"https:\/\/www.ahasound.sk\/en\/blog\/","og_site_name":"AHA Sound","article_publisher":"https:\/\/www.facebook.com\/basys.sk\/","article_modified_time":"2026-03-02T08:15:58+00:00","og_image":[{"width":1200,"height":675,"url":"https:\/\/www.ahasound.sk\/wp-content\/uploads\/2025\/10\/aha_sound_1200x675.webp","type":"image\/webp"}],"twitter_card":"summary_large_image","twitter_misc":{"Estimated reading time":"1 minute"},"schema":{"@context":"https:\/\/schema.org","@graph":[{"@type":"WebPage","@id":"https:\/\/www.ahasound.sk\/blog\/","url":"https:\/\/www.ahasound.sk\/blog\/","name":"Blog - AHA Sound","isPartOf":{"@id":"https:\/\/www.ahasound.sk\/#website"},"datePublished":"2026-02-28T11:05:14+00:00","dateModified":"2026-03-02T08:15:58+00:00","breadcrumb":{"@id":"https:\/\/www.ahasound.sk\/blog\/#breadcrumb"},"inLanguage":"en-GB","potentialAction":[{"@type":"ReadAction","target":["https:\/\/www.ahasound.sk\/blog\/"]}]},{"@type":"BreadcrumbList","@id":"https:\/\/www.ahasound.sk\/blog\/#breadcrumb","itemListElement":[{"@type":"ListItem","position":1,"name":"Domovsk\u00e1 str\u00e1nka","item":"https:\/\/www.ahasound.sk\/"},{"@type":"ListItem","position":2,"name":"Blog"}]},{"@type":"WebSite","@id":"https:\/\/www.ahasound.sk\/#website","url":"https:\/\/www.ahasound.sk\/","name":"AHA Sound | Z v\u00e1\u0161ne k dobr\u00e9mu zvuku","description":"From passion to good sound","publisher":{"@id":"https:\/\/www.ahasound.sk\/#organization"},"potentialAction":[{"@type":"SearchAction","target":{"@type":"EntryPoint","urlTemplate":"https:\/\/www.ahasound.sk\/?s={search_term_string}"},"query-input":{"@type":"PropertyValueSpecification","valueRequired":true,"valueName":"search_term_string"}}],"inLanguage":"en-GB"},{"@type":"Organization","@id":"https:\/\/www.ahasound.sk\/#organization","name":"AHA Sound","url":"https:\/\/www.ahasound.sk\/","logo":{"@type":"ImageObject","inLanguage":"en-GB","@id":"https:\/\/www.ahasound.sk\/#\/schema\/logo\/image\/","url":"https:\/\/www.ahasound.sk\/wp-content\/uploads\/2025\/09\/AHA_sound_grey_black_400x200_rt.png","contentUrl":"https:\/\/www.ahasound.sk\/wp-content\/uploads\/2025\/09\/AHA_sound_grey_black_400x200_rt.png","width":400,"height":200,"caption":"AHA Sound"},"image":{"@id":"https:\/\/www.ahasound.sk\/#\/schema\/logo\/image\/"},"sameAs":["https:\/\/www.facebook.com\/basys.sk\/","https:\/\/www.youtube.com\/channel\/UCnpX7PBRf3MIqWCS5QLZ3hw\/videos","https:\/\/www.instagram.com\/basys.sk\/"]}]}},"_links":{"self":[{"href":"https:\/\/www.ahasound.sk\/en\/wp-json\/wp\/v2\/pages\/833","targetHints":{"allow":["GET"]}}],"collection":[{"href":"https:\/\/www.ahasound.sk\/en\/wp-json\/wp\/v2\/pages"}],"about":[{"href":"https:\/\/www.ahasound.sk\/en\/wp-json\/wp\/v2\/types\/page"}],"author":[{"embeddable":true,"href":"https:\/\/www.ahasound.sk\/en\/wp-json\/wp\/v2\/users\/1"}],"replies":[{"embeddable":true,"href":"https:\/\/www.ahasound.sk\/en\/wp-json\/wp\/v2\/comments?post=833"}],"version-history":[{"count":14,"href":"https:\/\/www.ahasound.sk\/en\/wp-json\/wp\/v2\/pages\/833\/revisions"}],"predecessor-version":[{"id":858,"href":"https:\/\/www.ahasound.sk\/en\/wp-json\/wp\/v2\/pages\/833\/revisions\/858"}],"wp:attachment":[{"href":"https:\/\/www.ahasound.sk\/en\/wp-json\/wp\/v2\/media?parent=833"}],"curies":[{"name":"wp","href":"https:\/\/api.w.org\/{rel}","templated":true}]}}