{"id":364,"date":"2025-09-28T20:58:25","date_gmt":"2025-09-28T18:58:25","guid":{"rendered":"https:\/\/www.ahasound.sk\/?page_id=364"},"modified":"2025-10-03T07:25:18","modified_gmt":"2025-10-03T05:25:18","slug":"kontakt","status":"publish","type":"page","link":"https:\/\/www.ahasound.sk\/en\/kontakt\/","title":{"rendered":"Contact"},"content":{"rendered":"<div id=\"fws_69f313d583f60\"  data-column-margin=\"none\" data-midnight=\"light\"  class=\"wpb_row vc_row-fluid vc_row full-width-section  top_padding_phone_50px right_padding_phone_0px left_padding_phone_0px\"  style=\"padding-top: 150px; padding-bottom: 0px; \"><div class=\"row-bg-wrap\" data-bg-animation=\"none\" data-bg-animation-delay=\"\" data-bg-overlay=\"false\"><div class=\"inner-wrap row-bg-layer\" ><div class=\"row-bg viewport-desktop using-bg-color\"  style=\"background-color: #333333; \"><\/div><\/div><\/div><div class=\"row_col_wrap_12 col span_12 light left\">\n\t<div  class=\"vc_col-sm-12 wpb_column column_container vc_column_container col centered-text no-extra-padding el_spacing_0px inherit_tablet inherit_phone\"  data-padding-pos=\"all\" data-has-bg-color=\"false\" data-bg-color=\"\" data-bg-opacity=\"1\" data-animation=\"\" data-delay=\"0\" >\n\t\t<div class=\"vc_column-inner\" >\n\t\t\t<div class=\"wpb_wrapper\">\n\t\t\t\t<div id=\"fws_69f313d5843e3\" data-midnight=\"\" data-column-margin=\"default\" class=\"wpb_row vc_row-fluid vc_row inner_row  bottom_padding_tablet_10px\"  style=\"padding-bottom: 20px; \"><div class=\"row-bg-wrap\"> <div class=\"row-bg\" ><\/div> <\/div><div class=\"row_col_wrap_12_inner col span_12  left\">\n\t<div  class=\"vc_col-sm-12 wpb_column column_container vc_column_container col child_column has-animation no-extra-padding inherit_tablet inherit_phone\"   data-padding-pos=\"all\" data-has-bg-color=\"false\" data-bg-color=\"\" data-bg-opacity=\"1\" data-animation=\"fade-in-from-bottom\" data-delay=\"0\" >\n\t\t<div class=\"vc_column-inner\" >\n\t\t<div class=\"wpb_wrapper\">\n\t\t\t<h4 style=\"color: #B49971;text-align: center\" class=\"vc_custom_heading vc_do_custom_heading vc_custom_1759087777481\" >Contact us<\/h4>\n\t\t<\/div> \n\t<\/div>\n\t<\/div> \n<\/div><\/div><div class=\"nectar-responsive-text font_size_min_16px font_size_max_22px font_size_desktop_1-3vw font_line_height_1-6 nectar-link-underline-effect\"><p>If you have any questions, please do not hesitate to contact us. We will be happy to answer and help you.<\/p>\n<\/div>\n\t\t\t<\/div> \n\t\t<\/div>\n\t<\/div> \n<\/div><\/div>\n\t\t<div id=\"fws_69f313d584998\"  data-column-margin=\"none\" data-midnight=\"custom\"  class=\"wpb_row vc_row-fluid vc_row full-width-section\"  style=\"padding-top: 50px; padding-bottom: 0px; \"><div class=\"row-bg-wrap\" data-bg-animation=\"none\" data-bg-animation-delay=\"\" data-bg-overlay=\"false\"><div class=\"inner-wrap row-bg-layer\" ><div class=\"row-bg viewport-desktop using-bg-color\"  style=\"background-color: #333333; \"><\/div><\/div><\/div><div class=\"nectar-shape-divider-wrap\" style=\" height:50%;\" data-using-percent-val=\"true\" data-height=\"50%\" data-front=\"\" data-style=\"straight_section\" data-position=\"bottom\" ><svg class=\"nectar-shape-divider\" aria-hidden=\"true\" fill=\"#F2F2F2\" xmlns=\"http:\/\/www.w3.org\/2000\/svg\" viewbox=\"0 0 100 10\" preserveaspectratio=\"none\"> <polygon points=\"104 10, 104 0, 0 0, 0 10\"><\/polygon> <\/svg><\/div><div class=\"row_col_wrap_12 col span_12 custom left\">\n\t<div  class=\"vc_col-sm-12 wpb_column column_container vc_column_container col no-extra-padding inherit_tablet inherit_phone\"  data-padding-pos=\"all\" data-has-bg-color=\"false\" data-bg-color=\"\" data-bg-opacity=\"1\" data-animation=\"\" data-delay=\"0\" >\n\t\t<div class=\"vc_column-inner\" >\n\t\t\t<div class=\"wpb_wrapper\">\n\t\t\t\t<div id=\"fws_69f313d584bcf\" data-midnight=\"\" data-column-margin=\"50px\" class=\"wpb_row vc_row-fluid vc_row inner_row  vc_custom_1759469116782\"  style=\"\"><div class=\"row-bg-wrap\"> <div class=\"row-bg\" ><\/div> <\/div><div class=\"row_col_wrap_12_inner col span_12  left\">\n\t<div  class=\"vc_col-sm-6 wpb_column column_container vc_column_container col child_column no-extra-padding force-desktop-text-align-left inherit_tablet inherit_phone\"   data-padding-pos=\"all\" data-has-bg-color=\"false\" data-bg-color=\"\" data-bg-opacity=\"1\" data-animation=\"\" data-delay=\"0\" >\n\t\t<div class=\"vc_column-inner\" >\n\t\t<div class=\"wpb_wrapper\">\n\t\t\t<h2 style=\"color: #111111;text-align: left\" class=\"vc_custom_heading vc_do_custom_heading vc_custom_1759087634953\" >Contact Form<\/h2>\n<div class=\"wpcf7 no-js\" id=\"wpcf7-f38-o1\" lang=\"sk-SK\" dir=\"ltr\" data-wpcf7-id=\"38\">\n<div class=\"screen-reader-response\"><p role=\"status\" aria-live=\"polite\" aria-atomic=\"true\"><\/p> <ul><\/ul><\/div>\n<form action=\"\/en\/wp-json\/wp\/v2\/pages\/364#wpcf7-f38-o1\" method=\"post\" class=\"wpcf7-form init\" aria-label=\"Contact Form\" novalidate=\"novalidate\" data-status=\"init\" data-trp-original-action=\"\/en\/wp-json\/wp\/v2\/pages\/364#wpcf7-f38-o1\">\n<fieldset class=\"hidden-fields-container\"><input type=\"hidden\" name=\"_wpcf7\" value=\"38\" \/><input type=\"hidden\" name=\"_wpcf7_version\" value=\"6.1.5\" \/><input type=\"hidden\" name=\"_wpcf7_locale\" value=\"sk_SK\" \/><input type=\"hidden\" name=\"_wpcf7_unit_tag\" value=\"wpcf7-f38-o1\" \/><input type=\"hidden\" name=\"_wpcf7_container_post\" value=\"0\" \/><input type=\"hidden\" name=\"_wpcf7_posted_data_hash\" value=\"\" \/><input type=\"hidden\" name=\"_wpcf7_recaptcha_response\" value=\"\" \/>\n<\/fieldset>\n<p><label> Your Name<br \/>\n<span class=\"wpcf7-form-control-wrap\" data-name=\"your-name\"><input size=\"40\" maxlength=\"400\" class=\"wpcf7-form-control wpcf7-text wpcf7-validates-as-required\" autocomplete=\"name\" aria-required=\"true\" aria-invalid=\"false\" value=\"\" type=\"text\" name=\"your-name\" \/><\/span> <\/label>\n<\/p>\n<p><label> Your Email<br \/>\n<span class=\"wpcf7-form-control-wrap\" data-name=\"your-email\"><input size=\"40\" maxlength=\"400\" class=\"wpcf7-form-control wpcf7-email wpcf7-validates-as-required wpcf7-text wpcf7-validates-as-email\" autocomplete=\"email\" aria-required=\"true\" aria-invalid=\"false\" value=\"\" type=\"email\" name=\"your-email\" \/><\/span> <\/label>\n<\/p>\n<p><label> Your Mobile<br \/>\n<span class=\"wpcf7-form-control-wrap\" data-name=\"tel-382\"><input size=\"40\" maxlength=\"400\" class=\"wpcf7-form-control wpcf7-tel wpcf7-text wpcf7-validates-as-tel\" aria-invalid=\"false\" value=\"\" type=\"tel\" name=\"tel-382\" \/><\/span> <\/label>\n<\/p>\n<p><label> Subject<br \/>\n<span class=\"wpcf7-form-control-wrap\" data-name=\"your-subject\"><input size=\"40\" maxlength=\"400\" class=\"wpcf7-form-control wpcf7-text wpcf7-validates-as-required\" aria-required=\"true\" aria-invalid=\"false\" value=\"\" type=\"text\" name=\"your-subject\" \/><\/span> <\/label>\n<\/p>\n<p><label> Your Message<br \/>\n<span class=\"wpcf7-form-control-wrap\" data-name=\"your-message\"><textarea cols=\"3\" rows=\"5\" maxlength=\"2000\" class=\"wpcf7-form-control wpcf7-textarea\" aria-invalid=\"false\" name=\"your-message\"><\/textarea><\/span> <\/label>\n<\/p>\n<p><input class=\"wpcf7-form-control wpcf7-submit has-spinner\" type=\"submit\" value=\"Send\" \/>\n<\/p><div class=\"wpcf7-response-output\" aria-hidden=\"true\"><\/div>\n<input type=\"hidden\" name=\"trp-form-language\" value=\"en\"\/><\/form>\n<\/div>\n\n\t\t<\/div> \n\t<\/div>\n\t<\/div> \n\n\t<div  class=\"vc_col-sm-6 wpb_column column_container vc_column_container col child_column no-extra-padding inherit_tablet inherit_phone\"   data-padding-pos=\"all\" data-has-bg-color=\"false\" data-bg-color=\"\" data-bg-opacity=\"1\" data-animation=\"\" data-delay=\"0\" >\n\t\t<div class=\"vc_column-inner\" >\n\t\t<div class=\"wpb_wrapper\">\n\t\t\t<h2 style=\"color: #111111;text-align: left\" class=\"vc_custom_heading vc_do_custom_heading vc_custom_1759468938757\" >Contact details<\/h2>\n<div class=\"wpb_text_column wpb_content_element\" >\n\t<div class=\"wpb_wrapper\">\n\t\t<p><i class=\"fa fa-user\" aria-hidden=\"true\"><\/i> Franti\u0161ek Mat\u00e9<br \/>\n<i class=\"fa fa-at\" aria-hidden=\"true\"><\/i> <a href=\"mailto:trustence@trustence.cz\" target=\"_blank\" rel=\"noopener\">info@basys.sk<\/a><br \/>\n<i class=\"fa fa-phone\" aria-hidden=\"true\"><\/i> <a href=\"tel:+421908703763\" target=\"_blank\" rel=\"noopener\">+421 908 703 763<\/a><\/p>\n\t<\/div>\n<\/div>\n\n\n\n<div class=\"img-with-aniamtion-wrap\" data-max-width=\"100%\" data-max-width-mobile=\"default\" data-shadow=\"none\" data-animation=\"none\" >\n      <div class=\"inner\">\n        <div class=\"hover-wrap\"> \n          <div class=\"hover-wrap-inner\">\n            <img loading=\"lazy\" decoding=\"async\" class=\"img-with-animation skip-lazy\" data-delay=\"0\" height=\"1056\" width=\"2160\" data-animation=\"none\" src=\"https:\/\/www.ahasound.sk\/wp-content\/uploads\/2025\/09\/BaSys_SK_Bratislaav_showroom_.webp\" alt=\"\" srcset=\"https:\/\/www.ahasound.sk\/wp-content\/uploads\/2025\/09\/BaSys_SK_Bratislaav_showroom_.webp 2160w, https:\/\/www.ahasound.sk\/wp-content\/uploads\/2025\/09\/BaSys_SK_Bratislaav_showroom_-300x147.webp 300w, https:\/\/www.ahasound.sk\/wp-content\/uploads\/2025\/09\/BaSys_SK_Bratislaav_showroom_-1024x501.webp 1024w, https:\/\/www.ahasound.sk\/wp-content\/uploads\/2025\/09\/BaSys_SK_Bratislaav_showroom_-768x375.webp 768w, https:\/\/www.ahasound.sk\/wp-content\/uploads\/2025\/09\/BaSys_SK_Bratislaav_showroom_-1536x751.webp 1536w, https:\/\/www.ahasound.sk\/wp-content\/uploads\/2025\/09\/BaSys_SK_Bratislaav_showroom_-2048x1001.webp 2048w\" sizes=\"auto, (max-width: 2160px) 100vw, 2160px\" \/>\n          <\/div>\n        <\/div>\n      <\/div>\n    <\/div>\n\t\t<\/div> \n\t<\/div>\n\t<\/div> \n<\/div><\/div>\n\t\t\t<\/div> \n\t\t<\/div>\n\t<\/div> \n<\/div><\/div>\n\t\t<div id=\"fws_69f313d588ef7\"  data-column-margin=\"default\" data-midnight=\"dark\" data-top-percent=\"15%\"  class=\"wpb_row vc_row-fluid vc_row full-width-section  top_padding_tablet_10pct top_padding_phone_5pct\"  style=\"padding-top: calc(100vw * 0.15); padding-bottom: 0px; \"><div class=\"row-bg-wrap\" data-bg-animation=\"none\" data-bg-animation-delay=\"\" data-bg-overlay=\"false\"><div class=\"inner-wrap row-bg-layer\" ><div class=\"row-bg viewport-desktop using-bg-color\"  style=\"background-color: #F2F2F2; \"><\/div><\/div><\/div><div class=\"row_col_wrap_12 col span_12 dark left\">\n\t<div  class=\"vc_col-sm-12 wpb_column column_container vc_column_container col no-extra-padding inherit_tablet inherit_phone\"  data-padding-pos=\"all\" data-has-bg-color=\"false\" data-bg-color=\"\" data-bg-opacity=\"1\" data-animation=\"\" data-delay=\"0\" >\n\t\t<div class=\"vc_column-inner\" >\n\t\t\t<div class=\"wpb_wrapper\">\n\t\t\t\t\n\t\t\t<\/div> \n\t\t<\/div>\n\t<\/div> \n<\/div><\/div>","protected":false},"excerpt":{"rendered":"Kontaktujte n\u00e1s V pr\u00edpade ak\u00fdchko\u013evek ot\u00e1zok n\u00e1s nev\u00e1hajte kontaktova\u0165. Radi v\u00e1m odpovieme a pom\u00f4\u017eeme. Kontaktn\u00fd formul\u00e1r Va\u0161e meno V\u00e1\u0161 email V\u00e1\u0161 mobil Predmet Va\u0161a spr\u00e1va Kontaktn\u00e9 \u00fadaje Franti\u0161ek Mat\u00e9 info@basys.sk...","protected":false},"author":1,"featured_media":0,"parent":0,"menu_order":0,"comment_status":"closed","ping_status":"closed","template":"","meta":{"footnotes":""},"class_list":["post-364","page","type-page","status-publish"],"yoast_head":"<!-- This site is optimized with the Yoast SEO plugin v27.4 - https:\/\/yoast.com\/product\/yoast-seo-wordpress\/ -->\n<title>Kontakt - AHA Sound<\/title>\n<meta name=\"robots\" content=\"index, follow, max-snippet:-1, max-image-preview:large, max-video-preview:-1\" \/>\n<link rel=\"canonical\" href=\"https:\/\/www.ahasound.sk\/en\/kontakt\/\" \/>\n<meta property=\"og:locale\" content=\"en_GB\" \/>\n<meta property=\"og:type\" content=\"article\" \/>\n<meta property=\"og:title\" content=\"Kontakt - AHA Sound\" \/>\n<meta property=\"og:url\" content=\"https:\/\/www.ahasound.sk\/en\/kontakt\/\" \/>\n<meta property=\"og:site_name\" content=\"AHA Sound\" \/>\n<meta property=\"article:publisher\" content=\"https:\/\/www.facebook.com\/basys.sk\/\" \/>\n<meta property=\"article:modified_time\" content=\"2025-10-03T05:25:18+00:00\" \/>\n<meta property=\"og:image\" content=\"https:\/\/www.ahasound.sk\/wp-content\/uploads\/2025\/10\/aha_sound_1200x675.webp\" \/>\n\t<meta property=\"og:image:width\" content=\"1200\" \/>\n\t<meta property=\"og:image:height\" content=\"675\" \/>\n\t<meta property=\"og:image:type\" content=\"image\/webp\" \/>\n<meta name=\"twitter:card\" content=\"summary_large_image\" \/>\n<meta name=\"twitter:label1\" content=\"Estimated reading time\" \/>\n\t<meta name=\"twitter:data1\" content=\"1 minute\" \/>\n<script type=\"application\/ld+json\" class=\"yoast-schema-graph\">{\"@context\":\"https:\\\/\\\/schema.org\",\"@graph\":[{\"@type\":\"WebPage\",\"@id\":\"https:\\\/\\\/www.ahasound.sk\\\/kontakt\\\/\",\"url\":\"https:\\\/\\\/www.ahasound.sk\\\/kontakt\\\/\",\"name\":\"Kontakt - AHA Sound\",\"isPartOf\":{\"@id\":\"https:\\\/\\\/www.ahasound.sk\\\/#website\"},\"datePublished\":\"2025-09-28T18:58:25+00:00\",\"dateModified\":\"2025-10-03T05:25:18+00:00\",\"breadcrumb\":{\"@id\":\"https:\\\/\\\/www.ahasound.sk\\\/kontakt\\\/#breadcrumb\"},\"inLanguage\":\"en-GB\",\"potentialAction\":[{\"@type\":\"ReadAction\",\"target\":[\"https:\\\/\\\/www.ahasound.sk\\\/kontakt\\\/\"]}]},{\"@type\":\"BreadcrumbList\",\"@id\":\"https:\\\/\\\/www.ahasound.sk\\\/kontakt\\\/#breadcrumb\",\"itemListElement\":[{\"@type\":\"ListItem\",\"position\":1,\"name\":\"Domovsk\u00e1 str\u00e1nka\",\"item\":\"https:\\\/\\\/www.ahasound.sk\\\/\"},{\"@type\":\"ListItem\",\"position\":2,\"name\":\"Kontakt\"}]},{\"@type\":\"WebSite\",\"@id\":\"https:\\\/\\\/www.ahasound.sk\\\/#website\",\"url\":\"https:\\\/\\\/www.ahasound.sk\\\/\",\"name\":\"AHA Sound | Z v\u00e1\u0161ne k dobr\u00e9mu zvuku\",\"description\":\"Z v\u00e1\u0161ne k dobr\u00e9mu zvuku\",\"publisher\":{\"@id\":\"https:\\\/\\\/www.ahasound.sk\\\/#organization\"},\"potentialAction\":[{\"@type\":\"SearchAction\",\"target\":{\"@type\":\"EntryPoint\",\"urlTemplate\":\"https:\\\/\\\/www.ahasound.sk\\\/?s={search_term_string}\"},\"query-input\":{\"@type\":\"PropertyValueSpecification\",\"valueRequired\":true,\"valueName\":\"search_term_string\"}}],\"inLanguage\":\"en-GB\"},{\"@type\":\"Organization\",\"@id\":\"https:\\\/\\\/www.ahasound.sk\\\/#organization\",\"name\":\"AHA Sound\",\"url\":\"https:\\\/\\\/www.ahasound.sk\\\/\",\"logo\":{\"@type\":\"ImageObject\",\"inLanguage\":\"en-GB\",\"@id\":\"https:\\\/\\\/www.ahasound.sk\\\/#\\\/schema\\\/logo\\\/image\\\/\",\"url\":\"https:\\\/\\\/www.ahasound.sk\\\/wp-content\\\/uploads\\\/2025\\\/09\\\/AHA_sound_grey_black_400x200_rt.png\",\"contentUrl\":\"https:\\\/\\\/www.ahasound.sk\\\/wp-content\\\/uploads\\\/2025\\\/09\\\/AHA_sound_grey_black_400x200_rt.png\",\"width\":400,\"height\":200,\"caption\":\"AHA Sound\"},\"image\":{\"@id\":\"https:\\\/\\\/www.ahasound.sk\\\/#\\\/schema\\\/logo\\\/image\\\/\"},\"sameAs\":[\"https:\\\/\\\/www.facebook.com\\\/basys.sk\\\/\",\"https:\\\/\\\/www.youtube.com\\\/channel\\\/UCnpX7PBRf3MIqWCS5QLZ3hw\\\/videos\",\"https:\\\/\\\/www.instagram.com\\\/basys.sk\\\/\"]}]}<\/script>\n<!-- \/ Yoast SEO plugin. -->","yoast_head_json":{"title":"Kontakt - AHA Sound","robots":{"index":"index","follow":"follow","max-snippet":"max-snippet:-1","max-image-preview":"max-image-preview:large","max-video-preview":"max-video-preview:-1"},"canonical":"https:\/\/www.ahasound.sk\/en\/kontakt\/","og_locale":"en_GB","og_type":"article","og_title":"Kontakt - AHA Sound","og_url":"https:\/\/www.ahasound.sk\/en\/kontakt\/","og_site_name":"AHA Sound","article_publisher":"https:\/\/www.facebook.com\/basys.sk\/","article_modified_time":"2025-10-03T05:25:18+00:00","og_image":[{"width":1200,"height":675,"url":"https:\/\/www.ahasound.sk\/wp-content\/uploads\/2025\/10\/aha_sound_1200x675.webp","type":"image\/webp"}],"twitter_card":"summary_large_image","twitter_misc":{"Estimated reading time":"1 minute"},"schema":{"@context":"https:\/\/schema.org","@graph":[{"@type":"WebPage","@id":"https:\/\/www.ahasound.sk\/kontakt\/","url":"https:\/\/www.ahasound.sk\/kontakt\/","name":"Kontakt - AHA Sound","isPartOf":{"@id":"https:\/\/www.ahasound.sk\/#website"},"datePublished":"2025-09-28T18:58:25+00:00","dateModified":"2025-10-03T05:25:18+00:00","breadcrumb":{"@id":"https:\/\/www.ahasound.sk\/kontakt\/#breadcrumb"},"inLanguage":"en-GB","potentialAction":[{"@type":"ReadAction","target":["https:\/\/www.ahasound.sk\/kontakt\/"]}]},{"@type":"BreadcrumbList","@id":"https:\/\/www.ahasound.sk\/kontakt\/#breadcrumb","itemListElement":[{"@type":"ListItem","position":1,"name":"Domovsk\u00e1 str\u00e1nka","item":"https:\/\/www.ahasound.sk\/"},{"@type":"ListItem","position":2,"name":"Kontakt"}]},{"@type":"WebSite","@id":"https:\/\/www.ahasound.sk\/#website","url":"https:\/\/www.ahasound.sk\/","name":"AHA Sound | Z v\u00e1\u0161ne k dobr\u00e9mu zvuku","description":"From passion to good sound","publisher":{"@id":"https:\/\/www.ahasound.sk\/#organization"},"potentialAction":[{"@type":"SearchAction","target":{"@type":"EntryPoint","urlTemplate":"https:\/\/www.ahasound.sk\/?s={search_term_string}"},"query-input":{"@type":"PropertyValueSpecification","valueRequired":true,"valueName":"search_term_string"}}],"inLanguage":"en-GB"},{"@type":"Organization","@id":"https:\/\/www.ahasound.sk\/#organization","name":"AHA Sound","url":"https:\/\/www.ahasound.sk\/","logo":{"@type":"ImageObject","inLanguage":"en-GB","@id":"https:\/\/www.ahasound.sk\/#\/schema\/logo\/image\/","url":"https:\/\/www.ahasound.sk\/wp-content\/uploads\/2025\/09\/AHA_sound_grey_black_400x200_rt.png","contentUrl":"https:\/\/www.ahasound.sk\/wp-content\/uploads\/2025\/09\/AHA_sound_grey_black_400x200_rt.png","width":400,"height":200,"caption":"AHA Sound"},"image":{"@id":"https:\/\/www.ahasound.sk\/#\/schema\/logo\/image\/"},"sameAs":["https:\/\/www.facebook.com\/basys.sk\/","https:\/\/www.youtube.com\/channel\/UCnpX7PBRf3MIqWCS5QLZ3hw\/videos","https:\/\/www.instagram.com\/basys.sk\/"]}]}},"_links":{"self":[{"href":"https:\/\/www.ahasound.sk\/en\/wp-json\/wp\/v2\/pages\/364","targetHints":{"allow":["GET"]}}],"collection":[{"href":"https:\/\/www.ahasound.sk\/en\/wp-json\/wp\/v2\/pages"}],"about":[{"href":"https:\/\/www.ahasound.sk\/en\/wp-json\/wp\/v2\/types\/page"}],"author":[{"embeddable":true,"href":"https:\/\/www.ahasound.sk\/en\/wp-json\/wp\/v2\/users\/1"}],"replies":[{"embeddable":true,"href":"https:\/\/www.ahasound.sk\/en\/wp-json\/wp\/v2\/comments?post=364"}],"version-history":[{"count":79,"href":"https:\/\/www.ahasound.sk\/en\/wp-json\/wp\/v2\/pages\/364\/revisions"}],"predecessor-version":[{"id":756,"href":"https:\/\/www.ahasound.sk\/en\/wp-json\/wp\/v2\/pages\/364\/revisions\/756"}],"wp:attachment":[{"href":"https:\/\/www.ahasound.sk\/en\/wp-json\/wp\/v2\/media?parent=364"}],"curies":[{"name":"wp","href":"https:\/\/api.w.org\/{rel}","templated":true}]}}