{"id":240,"date":"2025-09-28T15:42:42","date_gmt":"2025-09-28T13:42:42","guid":{"rendered":"https:\/\/www.ahasound.sk\/?page_id=240"},"modified":"2026-02-24T16:23:08","modified_gmt":"2026-02-24T15:23:08","slug":"filozofia","status":"publish","type":"page","link":"https:\/\/www.ahasound.sk\/en\/filozofia\/","title":{"rendered":"Philosophy"},"content":{"rendered":"<div id=\"fws_69f3fe5908931\"  data-column-margin=\"default\" data-midnight=\"light\"  class=\"wpb_row vc_row-fluid vc_row full-width-section vc_row-o-full-height vc_row-o-columns-bottom vc_row-o-equal-height vc_row-flex parallax_section top_padding_phone_100px\"  style=\"padding-top: 0px; padding-bottom: 0px; \"><div class=\"row-bg-wrap\" data-bg-animation=\"zoom-out-slow\" data-bg-animation-delay=\"\" data-bg-overlay=\"true\"><div class=\"inner-wrap row-bg-layer using-image\" ><div class=\"row-bg viewport-desktop using-image\" data-parallax-speed=\"fast\" style=\"background-image: url(https:\/\/www.ahasound.sk\/wp-content\/uploads\/2025\/09\/aha_sound_bg_2.webp); background-position: center center; background-repeat: no-repeat; \"><\/div><\/div><div class=\"row-bg-overlay row-bg-layer\" style=\"background: linear-gradient(to bottom,rgba(255,255,255,0.001) 25%,#151519 100%);  opacity: 1; \"><\/div><\/div><div class=\"row_col_wrap_12 col span_12 light left\">\n\t<div  class=\"vc_col-sm-12 wpb_column column_container vc_column_container col no-extra-padding inherit_tablet inherit_phone\"  data-padding-pos=\"all\" data-has-bg-color=\"false\" data-bg-color=\"\" data-bg-opacity=\"1\" data-animation=\"\" data-delay=\"0\" >\n\t\t<div class=\"vc_column-inner\" >\n\t\t\t<div class=\"wpb_wrapper\">\n\t\t\t\t<div id=\"fws_69f3fe5909072\" data-midnight=\"\" data-column-margin=\"default\" class=\"wpb_row vc_row-fluid vc_row inner_row\"  style=\"\"><div class=\"row-bg-wrap\"> <div class=\"row-bg\" ><\/div> <\/div><div class=\"row_col_wrap_12_inner col span_12  left\">\n\t<div  class=\"vc_col-sm-12 wpb_column column_container vc_column_container col child_column no-extra-padding el_spacing_10px inherit_tablet inherit_phone\"   data-padding-pos=\"all\" data-has-bg-color=\"false\" data-bg-color=\"\" data-bg-opacity=\"1\" data-animation=\"\" data-delay=\"0\" >\n\t\t<div class=\"vc_column-inner\" >\n\t\t<div class=\"wpb_wrapper\">\n\t\t\t<h4 style=\"color: #B49971;text-align: left\" class=\"vc_custom_heading vc_do_custom_heading wpb_animate_when_almost_visible wpb_fadeInUp fadeInUp vc_custom_1759310855828\" >Philosophy<\/h4><div class=\"nectar-split-heading\" data-align=\"default\" data-m-align=\"inherit\" data-text-effect=\"default\" data-animation-type=\"line-reveal-by-space\" data-animation-delay=\"0\" data-animation-offset=\"\" data-m-rm-animation=\"\" data-stagger=\"\" data-custom-font-size=\"false\" ><h1 >In the beginning,<\/h1><\/div>\n<div class=\"wpb_text_column wpb_content_element  wpb_animate_when_almost_visible wpb_fadeInUp fadeInUp\" >\n\t<div class=\"wpb_wrapper\">\n\t\t<blockquote><p>\nthe idea was to create speakers that could reproduce the sound of  musical instruments and singing with sufficient fidelity, bringing the listener an experience similar to a live concert\u2026\n<\/p><\/blockquote>\n\t<\/div>\n<\/div>\n\n\n\n\n<div class=\"wpb_text_column wpb_content_element  wpb_animate_when_almost_visible wpb_fadeInUp fadeInUp\" >\n\t<div class=\"wpb_wrapper\">\n\t\t<blockquote><p>\nRealistic, full-bodied instruments with natural sound and authentic contours.\n<\/p><\/blockquote>\n\t<\/div>\n<\/div>\n\n\n\n\n\t\t<\/div> \n\t<\/div>\n\t<\/div> \n<\/div><\/div><div id=\"fws_69f3fe5909ba0\" data-midnight=\"\" data-column-margin=\"default\" class=\"wpb_row vc_row-fluid vc_row inner_row\"  style=\"\"><div class=\"row-bg-wrap\"> <div class=\"row-bg\" ><\/div> <\/div><div class=\"row_col_wrap_12_inner col span_12  left\">\n\t<div  class=\"vc_col-sm-6 wpb_column column_container vc_column_container col child_column has-animation no-extra-padding inherit_tablet inherit_phone\"   data-padding-pos=\"all\" data-has-bg-color=\"false\" data-bg-color=\"\" data-bg-opacity=\"1\" data-animation=\"fade-in-from-bottom\" data-delay=\"0\" >\n\t\t<div class=\"vc_column-inner\" >\n\t\t<div class=\"wpb_wrapper\">\n\t\t\t\n<div class=\"wpb_text_column wpb_content_element\" >\n\t<div class=\"wpb_wrapper\">\n\t\t<p>It was important to find a suitable driver that would meet the required criteria for sound quality. The coaxial 12\u201d speaker comes from the Spanish manufacturer Acustica Beyma, which produces an extensive range of professional drivers for stage and studio monitors. Because the coaxial speaker consists of two drivers mounted on the same axis. This means the speaker has fewer phase problems and can more effectively synchronize the signal. The sound field is more balanced, so listeners are more immersed in the music and enjoy a high-quality musical experience.<\/p>\n\t<\/div>\n<\/div>\n\n\n\n\n\t\t<\/div> \n\t<\/div>\n\t<\/div> \n\n\t<div  class=\"vc_col-sm-6 wpb_column column_container vc_column_container col child_column has-animation no-extra-padding inherit_tablet inherit_phone\"   data-padding-pos=\"all\" data-has-bg-color=\"false\" data-bg-color=\"\" data-bg-opacity=\"1\" data-animation=\"fade-in-from-bottom\" data-delay=\"0\" >\n\t\t<div class=\"vc_column-inner\" >\n\t\t<div class=\"wpb_wrapper\">\n\t\t\t\n<div class=\"wpb_text_column wpb_content_element\" >\n\t<div class=\"wpb_wrapper\">\n\t\t<p>Coaxial drivers provide better sound coherence, accurate sound staging, and consistent sound dispersion by radiating high and low frequencies from a single point. This design eliminates the timing differences that occur in separate, spaced drivers, resulting in better phase and frequency response, resulting in more accurate sound reproduction, especially for vocals and instruments. They also offer benefits such as increased resistance to feedback. What are the benefits of a coaxial driver?<\/p>\n\t<\/div>\n<\/div>\n\n\n\n\n\t\t<\/div> \n\t<\/div>\n\t<\/div> \n<\/div><\/div><div class=\"nectar-next-section-wrap mouse-wheel alignment_tablet_default alignment_phone_default display_tablet_inherit display_phone_inherit\"  data-align=\"center\" data-custom-color=\"true\"><a href=\"#\" style=\"border-color: #B49971; color: #B49971;\" class=\"nectar-next-section skip-hash\"><span class=\"screen-reader-text\">Navigate to the next section<\/span><svg class=\"nectar-scroll-icon\" viewbox=\"0 0 30 45\" enable-background=\"new 0 0 30 45\">\n          <path class=\"nectar-scroll-icon-path\" fill=\"none\" stroke=\"#B49971\" stroke-width=\"2\" stroke-miterlimit=\"10\" d=\"M15,1.118c12.352,0,13.967,12.88,13.967,12.88v18.76  c0,0-1.514,11.204-13.967,11.204S0.931,32.966,0.931,32.966V14.05C0.931,14.05,2.648,1.118,15,1.118z\"><\/path>\n        <\/svg><span class=\"track-ball\" style=\"background-color: #B49971;\"><\/span><\/a><\/div>\n\t\t\t<\/div> \n\t\t<\/div>\n\t<\/div> \n<\/div><\/div>\n\t\t<div id=\"fws_69f3fe590a498\"  data-column-margin=\"default\" data-midnight=\"dark\" data-top-percent=\"7%\" data-bottom-percent=\"7%\"  class=\"wpb_row vc_row-fluid vc_row full-width-section\"  style=\"padding-top: calc(100vw * 0.07); padding-bottom: calc(100vw * 0.07); \"><div class=\"row-bg-wrap\" data-bg-animation=\"none\" data-bg-animation-delay=\"\" data-bg-overlay=\"true\"><div class=\"inner-wrap row-bg-layer\" ><div class=\"row-bg viewport-desktop using-bg-color\"  style=\"background-color: #151519; \"><\/div><\/div><div class=\"row-bg-overlay row-bg-layer\" style=\"background: #232323; background: linear-gradient(135deg,#232323 0%,#191919 100%);  opacity: 1; \"><\/div><\/div><div class=\"row_col_wrap_12 col span_12 dark left\">\n\t<div  class=\"vc_col-sm-12 wpb_column column_container vc_column_container col centered-text no-extra-padding inherit_tablet inherit_phone\"  data-padding-pos=\"all\" data-has-bg-color=\"false\" data-bg-color=\"\" data-bg-opacity=\"1\" data-animation=\"\" data-delay=\"0\" >\n\t\t<div class=\"vc_column-inner\" >\n\t\t\t<div class=\"wpb_wrapper\">\n\t\t\t\t<div id=\"fws_69f3fe590a886\" data-midnight=\"\" data-column-margin=\"default\" class=\"wpb_row vc_row-fluid vc_row inner_row vc_row-o-equal-height vc_row-flex vc_row-o-content-middle reverse_columns_column_phone\"  style=\"\"><div class=\"row-bg-wrap\"> <div class=\"row-bg\" ><\/div> <\/div><div class=\"row_col_wrap_12_inner col span_12  left\">\n\t<div style=\" color: #333333;\" class=\"vc_col-sm-6 wpb_column column_container vc_column_container col child_column has-animation no-extra-padding inherit_tablet inherit_phone\" data-cfc=\"true\" data-using-bg=\"true\" data-padding-pos=\"all\" data-has-bg-color=\"true\" data-bg-color=\"#FFFFFF\" data-bg-opacity=\"1\" data-animation=\"reveal-from-bottom\" data-delay=\"0\" >\n\t\t<div class=\"vc_column-inner\" ><div class=\"column-bg-overlay-wrap column-bg-layer\" data-bg-animation=\"none\"><div class=\"column-bg-overlay\" style=\"opacity: 1; background-color: #FFFFFF;\"><\/div><\/div>\n\t\t<div class=\"wpb_wrapper\">\n\t\t\t<div class=\"nectar-fancy-box using-img\" data-style=\"default\" data-animation=\"\" data-hover-o=\"default\" data-border-radius=\"default\" data-border=\"\" data-box-color-opacity=\"1\" data-delay=\"\" data-alignment=\"left\" data-color=\"accent-color\" ><div class=\"box-bg\" role=\"presentation\" ><\/div> <div class=\"inner\" style=\"min-height: 350px\">\n<h3><span style=\"color: #000000\">Improved sound coherence and imaging<\/span><\/h3>\n<p><span style=\"color: #000000\">A single point source design ensures that high and low frequencies emanate from the same location, creating a more coherent and uniform sound field with a precise soundstage.<\/span><\/div>   <\/div>\n\t\t<\/div> \n\t<\/div>\n\t<\/div> \n\n\t<div style=\"\" class=\"vc_col-sm-6 wpb_column column_container vc_column_container col child_column has-animation no-extra-padding el_spacing_50px inherit_tablet inherit_phone\"  data-using-bg=\"true\" data-bg-cover=\"true\" data-padding-pos=\"all\" data-has-bg-color=\"false\" data-bg-color=\"\" data-bg-opacity=\"1\" data-animation=\"reveal-from-bottom\" data-delay=\"0\" >\n\t\t<div class=\"vc_column-inner\" ><div class=\"column-image-bg-wrap column-bg-layer viewport-desktop\" data-bg-pos=\"center center\" data-bg-animation=\"none\" data-bg-overlay=\"false\"><div class=\"inner-wrap\"><div class=\"column-image-bg\" style=\" background-image: url('https:\/\/www.ahasound.sk\/wp-content\/uploads\/2025\/09\/MKF9513-scaled.jpg'); \"><\/div><\/div><\/div>\n\t\t<div class=\"wpb_wrapper\">\n\t\t\t<div class=\"divider-wrap\" data-alignment=\"default\"><div style=\"height: 400px;\" class=\"divider\"><\/div><\/div>\n\t\t<\/div> \n\t<\/div>\n\t<\/div> \n<\/div><\/div><div id=\"fws_69f3fe590bfde\" data-midnight=\"\" data-column-margin=\"default\" class=\"wpb_row vc_row-fluid vc_row inner_row vc_row-o-equal-height vc_row-flex vc_row-o-content-middle\"  style=\"\"><div class=\"row-bg-wrap\"> <div class=\"row-bg\" ><\/div> <\/div><div class=\"row_col_wrap_12_inner col span_12  left\">\n\t<div style=\"\" class=\"vc_col-sm-6 wpb_column column_container vc_column_container col child_column has-animation no-extra-padding el_spacing_50px inherit_tablet inherit_phone\"  data-using-bg=\"true\" data-bg-cover=\"true\" data-padding-pos=\"all\" data-has-bg-color=\"false\" data-bg-color=\"\" data-bg-opacity=\"1\" data-animation=\"reveal-from-bottom\" data-delay=\"0\" >\n\t\t<div class=\"vc_column-inner\" ><div class=\"column-image-bg-wrap column-bg-layer viewport-desktop\" data-bg-pos=\"center center\" data-bg-animation=\"none\" data-bg-overlay=\"false\"><div class=\"inner-wrap\"><div class=\"column-image-bg\" style=\" background-image: url('https:\/\/www.ahasound.sk\/wp-content\/uploads\/2025\/09\/DSCF1455-scaled.jpg'); \"><\/div><\/div><\/div>\n\t\t<div class=\"wpb_wrapper\">\n\t\t\t<div class=\"divider-wrap\" data-alignment=\"default\"><div style=\"height: 400px;\" class=\"divider\"><\/div><\/div>\n\t\t<\/div> \n\t<\/div>\n\t<\/div> \n\n\t<div style=\"\" class=\"vc_col-sm-6 wpb_column column_container vc_column_container col child_column has-animation no-extra-padding el_spacing_50px inherit_tablet inherit_phone\"  data-using-bg=\"true\" data-padding-pos=\"all\" data-has-bg-color=\"true\" data-bg-color=\"#BBAB87\" data-bg-opacity=\"1\" data-animation=\"reveal-from-bottom\" data-delay=\"0\" >\n\t\t<div class=\"vc_column-inner\" ><div class=\"column-bg-overlay-wrap column-bg-layer\" data-bg-animation=\"none\"><div class=\"column-bg-overlay\" style=\"opacity: 1; background-color: #BBAB87;\"><\/div><\/div>\n\t\t<div class=\"wpb_wrapper\">\n\t\t\t<div class=\"nectar-fancy-box\" data-style=\"default\" data-animation=\"\" data-hover-o=\"default\" data-border-radius=\"default\" data-border=\"\" data-box-color-opacity=\"1\" data-delay=\"\" data-alignment=\"left\" data-color=\"accent-color\" ><div class=\"box-bg\" role=\"presentation\" ><\/div> <div class=\"inner\" style=\"min-height: 350px\">\n<h3>Improved timing and phase fidelity<\/h3>\n<p>By placing the high-frequency driver (tweeter) inside the low-frequency driver (woofer), coaxial drivers match the timing between the drivers, eliminating phase issues and creating excellent impulse response.<\/div>   <\/div>\n\t\t<\/div> \n\t<\/div>\n\t<\/div> \n<\/div><\/div><div id=\"fws_69f3fe590c999\" data-midnight=\"\" data-column-margin=\"default\" class=\"wpb_row vc_row-fluid vc_row inner_row vc_row-o-equal-height vc_row-flex vc_row-o-content-middle reverse_columns_column_phone\"  style=\"\"><div class=\"row-bg-wrap\"> <div class=\"row-bg\" ><\/div> <\/div><div class=\"row_col_wrap_12_inner col span_12  left\">\n\t<div style=\"\" class=\"vc_col-sm-6 wpb_column column_container vc_column_container col child_column has-animation no-extra-padding el_spacing_50px inherit_tablet inherit_phone\"  data-using-bg=\"true\" data-padding-pos=\"all\" data-has-bg-color=\"true\" data-bg-color=\"#FFFFFF\" data-bg-opacity=\"1\" data-animation=\"reveal-from-bottom\" data-delay=\"0\" >\n\t\t<div class=\"vc_column-inner\" ><div class=\"column-bg-overlay-wrap column-bg-layer\" data-bg-animation=\"none\"><div class=\"column-bg-overlay\" style=\"opacity: 1; background-color: #FFFFFF;\"><\/div><\/div>\n\t\t<div class=\"wpb_wrapper\">\n\t\t\t<div class=\"nectar-fancy-box\" data-style=\"default\" data-animation=\"\" data-hover-o=\"default\" data-border-radius=\"default\" data-border=\"\" data-box-color-opacity=\"1\" data-delay=\"\" data-alignment=\"left\" data-color=\"accent-color\" ><div class=\"box-bg\" role=\"presentation\" ><\/div> <div class=\"inner\" style=\"min-height: 350px\">\n<h3><span style=\"color: #000000\">Consistent dispersion and off-axis response<\/span><\/h3>\n<p><span style=\"color: #000000\">Sound dispersion is more consistent across a wider listening area compared to conventional multi-band systems which often suffer from phase and off-axis issues.<\/span><\/div>   <\/div>\n\t\t<\/div> \n\t<\/div>\n\t<\/div> \n\n\t<div style=\"\" class=\"vc_col-sm-6 wpb_column column_container vc_column_container col child_column has-animation no-extra-padding el_spacing_50px inherit_tablet inherit_phone\"  data-using-bg=\"true\" data-bg-cover=\"true\" data-padding-pos=\"all\" data-has-bg-color=\"false\" data-bg-color=\"\" data-bg-opacity=\"1\" data-animation=\"reveal-from-bottom\" data-delay=\"0\" >\n\t\t<div class=\"vc_column-inner\" ><div class=\"column-image-bg-wrap column-bg-layer viewport-desktop\" data-bg-pos=\"center center\" data-bg-animation=\"none\" data-bg-overlay=\"false\"><div class=\"inner-wrap\"><div class=\"column-image-bg\" style=\" background-image: url('https:\/\/www.ahasound.sk\/wp-content\/uploads\/2025\/09\/MKF9520-scaled.jpg'); \"><\/div><\/div><\/div>\n\t\t<div class=\"wpb_wrapper\">\n\t\t\t<div class=\"divider-wrap\" data-alignment=\"default\"><div style=\"height: 400px;\" class=\"divider\"><\/div><\/div>\n\t\t<\/div> \n\t<\/div>\n\t<\/div> \n<\/div><\/div><div id=\"fws_69f3fe590d388\" data-midnight=\"\" data-column-margin=\"default\" class=\"wpb_row vc_row-fluid vc_row inner_row vc_row-o-equal-height vc_row-flex vc_row-o-content-middle\"  style=\"\"><div class=\"row-bg-wrap\"> <div class=\"row-bg\" ><\/div> <\/div><div class=\"row_col_wrap_12_inner col span_12  left\">\n\t<div style=\"\" class=\"vc_col-sm-6 wpb_column column_container vc_column_container col child_column has-animation no-extra-padding el_spacing_50px inherit_tablet inherit_phone\"  data-using-bg=\"true\" data-bg-cover=\"true\" data-padding-pos=\"all\" data-has-bg-color=\"false\" data-bg-color=\"\" data-bg-opacity=\"1\" data-animation=\"reveal-from-bottom\" data-delay=\"0\" >\n\t\t<div class=\"vc_column-inner\" ><div class=\"column-image-bg-wrap column-bg-layer viewport-desktop\" data-bg-pos=\"center center\" data-bg-animation=\"none\" data-bg-overlay=\"false\"><div class=\"inner-wrap\"><div class=\"column-image-bg\" style=\" background-image: url('https:\/\/www.ahasound.sk\/wp-content\/uploads\/2025\/10\/aha_sound_dizajn_repro_mkII.webp'); \"><\/div><\/div><\/div>\n\t\t<div class=\"wpb_wrapper\">\n\t\t\t<div class=\"divider-wrap\" data-alignment=\"default\"><div style=\"height: 400px;\" class=\"divider\"><\/div><\/div>\n\t\t<\/div> \n\t<\/div>\n\t<\/div> \n\n\t<div style=\"\" class=\"vc_col-sm-6 wpb_column column_container vc_column_container col child_column has-animation no-extra-padding el_spacing_50px inherit_tablet inherit_phone\"  data-using-bg=\"true\" data-padding-pos=\"all\" data-has-bg-color=\"true\" data-bg-color=\"#3E3D3D\" data-bg-opacity=\"1\" data-animation=\"reveal-from-bottom\" data-delay=\"0\" >\n\t\t<div class=\"vc_column-inner\" ><div class=\"column-bg-overlay-wrap column-bg-layer\" data-bg-animation=\"none\"><div class=\"column-bg-overlay\" style=\"opacity: 1; background-color: #3E3D3D;\"><\/div><\/div>\n\t\t<div class=\"wpb_wrapper\">\n\t\t\t<div class=\"nectar-fancy-box\" data-style=\"default\" data-animation=\"\" data-hover-o=\"default\" data-border-radius=\"default\" data-border=\"\" data-box-color-opacity=\"1\" data-delay=\"\" data-alignment=\"left\" data-color=\"accent-color\" ><div class=\"box-bg\" role=\"presentation\" ><\/div> <div class=\"inner\" style=\"min-height: 350px\">\n<h3>Sound Perception<\/h3>\n<p>The human ear is an amazing organ \u2013 with a single membrane it is able to capture               a frequency range from 20 Hz to approximately 20 kHz, which is 10 octaves.                         No speakers with multi-band drivers can match the sound imaging achieved by a coaxial driver.<\/div>   <\/div>\n\t\t<\/div> \n\t<\/div>\n\t<\/div> \n<\/div><\/div><a class=\"nectar-button large see-through accent-color wpb_animate_when_almost_visible wpb_fadeInUp fadeInUp\"  role=\"button\" style=\"\"  href=\"https:\/\/www.ahasound.sk\/en\/specifikacia\/\" data-color-override=\"false\" data-hover-color-override=\"false\" data-hover-text-color-override=\"#fff\"><span>Specification<\/span><\/a>\n\t\t\t<\/div> \n\t\t<\/div>\n\t<\/div> \n<\/div><\/div>","protected":false},"excerpt":{"rendered":"FilozofiaNa za\u010diatku bola idea Vytvori\u0165 reproduktory, ktor\u00e9 by vedeli dostato\u010dne verne reprodukova\u0165 zvuk hudobn\u00fdch n\u00e1strojov a spevu a pribl\u00ed\u017ei\u0165 tak posluch\u00e1\u010dovi z\u00e1\u017eitok, podobn\u00fd ako na \u017eivom koncerte... Zvuk ktor\u00fd c\u00edtite,...","protected":false},"author":1,"featured_media":0,"parent":0,"menu_order":0,"comment_status":"closed","ping_status":"closed","template":"","meta":{"footnotes":""},"class_list":["post-240","page","type-page","status-publish"],"yoast_head":"<!-- This site is optimized with the Yoast SEO plugin v27.4 - https:\/\/yoast.com\/product\/yoast-seo-wordpress\/ -->\n<title>Filozofia - AHA Sound<\/title>\n<meta name=\"robots\" content=\"index, follow, max-snippet:-1, max-image-preview:large, max-video-preview:-1\" \/>\n<link rel=\"canonical\" href=\"https:\/\/www.ahasound.sk\/en\/filozofia\/\" \/>\n<meta property=\"og:locale\" content=\"en_GB\" \/>\n<meta property=\"og:type\" content=\"article\" \/>\n<meta property=\"og:title\" content=\"Filozofia - AHA Sound\" \/>\n<meta property=\"og:url\" content=\"https:\/\/www.ahasound.sk\/en\/filozofia\/\" \/>\n<meta property=\"og:site_name\" content=\"AHA Sound\" \/>\n<meta property=\"article:publisher\" content=\"https:\/\/www.facebook.com\/basys.sk\/\" \/>\n<meta property=\"article:modified_time\" content=\"2026-02-24T15:23:08+00:00\" \/>\n<meta property=\"og:image\" content=\"https:\/\/www.ahasound.sk\/wp-content\/uploads\/2025\/10\/aha_sound_1200x675.webp\" \/>\n\t<meta property=\"og:image:width\" content=\"1200\" \/>\n\t<meta property=\"og:image:height\" content=\"675\" \/>\n\t<meta property=\"og:image:type\" content=\"image\/webp\" \/>\n<meta name=\"twitter:card\" content=\"summary_large_image\" \/>\n<meta name=\"twitter:label1\" content=\"Estimated reading time\" \/>\n\t<meta name=\"twitter:data1\" content=\"5 minutes\" \/>\n<script type=\"application\/ld+json\" class=\"yoast-schema-graph\">{\"@context\":\"https:\\\/\\\/schema.org\",\"@graph\":[{\"@type\":\"WebPage\",\"@id\":\"https:\\\/\\\/www.ahasound.sk\\\/filozofia\\\/\",\"url\":\"https:\\\/\\\/www.ahasound.sk\\\/filozofia\\\/\",\"name\":\"Filozofia - AHA Sound\",\"isPartOf\":{\"@id\":\"https:\\\/\\\/www.ahasound.sk\\\/#website\"},\"datePublished\":\"2025-09-28T13:42:42+00:00\",\"dateModified\":\"2026-02-24T15:23:08+00:00\",\"breadcrumb\":{\"@id\":\"https:\\\/\\\/www.ahasound.sk\\\/filozofia\\\/#breadcrumb\"},\"inLanguage\":\"en-GB\",\"potentialAction\":[{\"@type\":\"ReadAction\",\"target\":[\"https:\\\/\\\/www.ahasound.sk\\\/filozofia\\\/\"]}]},{\"@type\":\"BreadcrumbList\",\"@id\":\"https:\\\/\\\/www.ahasound.sk\\\/filozofia\\\/#breadcrumb\",\"itemListElement\":[{\"@type\":\"ListItem\",\"position\":1,\"name\":\"Domovsk\u00e1 str\u00e1nka\",\"item\":\"https:\\\/\\\/www.ahasound.sk\\\/\"},{\"@type\":\"ListItem\",\"position\":2,\"name\":\"Filozofia\"}]},{\"@type\":\"WebSite\",\"@id\":\"https:\\\/\\\/www.ahasound.sk\\\/#website\",\"url\":\"https:\\\/\\\/www.ahasound.sk\\\/\",\"name\":\"AHA Sound | Z v\u00e1\u0161ne k dobr\u00e9mu zvuku\",\"description\":\"Z v\u00e1\u0161ne k dobr\u00e9mu zvuku\",\"publisher\":{\"@id\":\"https:\\\/\\\/www.ahasound.sk\\\/#organization\"},\"potentialAction\":[{\"@type\":\"SearchAction\",\"target\":{\"@type\":\"EntryPoint\",\"urlTemplate\":\"https:\\\/\\\/www.ahasound.sk\\\/?s={search_term_string}\"},\"query-input\":{\"@type\":\"PropertyValueSpecification\",\"valueRequired\":true,\"valueName\":\"search_term_string\"}}],\"inLanguage\":\"en-GB\"},{\"@type\":\"Organization\",\"@id\":\"https:\\\/\\\/www.ahasound.sk\\\/#organization\",\"name\":\"AHA Sound\",\"url\":\"https:\\\/\\\/www.ahasound.sk\\\/\",\"logo\":{\"@type\":\"ImageObject\",\"inLanguage\":\"en-GB\",\"@id\":\"https:\\\/\\\/www.ahasound.sk\\\/#\\\/schema\\\/logo\\\/image\\\/\",\"url\":\"https:\\\/\\\/www.ahasound.sk\\\/wp-content\\\/uploads\\\/2025\\\/09\\\/AHA_sound_grey_black_400x200_rt.png\",\"contentUrl\":\"https:\\\/\\\/www.ahasound.sk\\\/wp-content\\\/uploads\\\/2025\\\/09\\\/AHA_sound_grey_black_400x200_rt.png\",\"width\":400,\"height\":200,\"caption\":\"AHA Sound\"},\"image\":{\"@id\":\"https:\\\/\\\/www.ahasound.sk\\\/#\\\/schema\\\/logo\\\/image\\\/\"},\"sameAs\":[\"https:\\\/\\\/www.facebook.com\\\/basys.sk\\\/\",\"https:\\\/\\\/www.youtube.com\\\/channel\\\/UCnpX7PBRf3MIqWCS5QLZ3hw\\\/videos\",\"https:\\\/\\\/www.instagram.com\\\/basys.sk\\\/\"]}]}<\/script>\n<!-- \/ Yoast SEO plugin. -->","yoast_head_json":{"title":"Filozofia - AHA Sound","robots":{"index":"index","follow":"follow","max-snippet":"max-snippet:-1","max-image-preview":"max-image-preview:large","max-video-preview":"max-video-preview:-1"},"canonical":"https:\/\/www.ahasound.sk\/en\/filozofia\/","og_locale":"en_GB","og_type":"article","og_title":"Filozofia - AHA Sound","og_url":"https:\/\/www.ahasound.sk\/en\/filozofia\/","og_site_name":"AHA Sound","article_publisher":"https:\/\/www.facebook.com\/basys.sk\/","article_modified_time":"2026-02-24T15:23:08+00:00","og_image":[{"width":1200,"height":675,"url":"https:\/\/www.ahasound.sk\/wp-content\/uploads\/2025\/10\/aha_sound_1200x675.webp","type":"image\/webp"}],"twitter_card":"summary_large_image","twitter_misc":{"Estimated reading time":"5 minutes"},"schema":{"@context":"https:\/\/schema.org","@graph":[{"@type":"WebPage","@id":"https:\/\/www.ahasound.sk\/filozofia\/","url":"https:\/\/www.ahasound.sk\/filozofia\/","name":"Filozofia - AHA Sound","isPartOf":{"@id":"https:\/\/www.ahasound.sk\/#website"},"datePublished":"2025-09-28T13:42:42+00:00","dateModified":"2026-02-24T15:23:08+00:00","breadcrumb":{"@id":"https:\/\/www.ahasound.sk\/filozofia\/#breadcrumb"},"inLanguage":"en-GB","potentialAction":[{"@type":"ReadAction","target":["https:\/\/www.ahasound.sk\/filozofia\/"]}]},{"@type":"BreadcrumbList","@id":"https:\/\/www.ahasound.sk\/filozofia\/#breadcrumb","itemListElement":[{"@type":"ListItem","position":1,"name":"Domovsk\u00e1 str\u00e1nka","item":"https:\/\/www.ahasound.sk\/"},{"@type":"ListItem","position":2,"name":"Filozofia"}]},{"@type":"WebSite","@id":"https:\/\/www.ahasound.sk\/#website","url":"https:\/\/www.ahasound.sk\/","name":"AHA Sound | Z v\u00e1\u0161ne k dobr\u00e9mu zvuku","description":"From passion to good sound","publisher":{"@id":"https:\/\/www.ahasound.sk\/#organization"},"potentialAction":[{"@type":"SearchAction","target":{"@type":"EntryPoint","urlTemplate":"https:\/\/www.ahasound.sk\/?s={search_term_string}"},"query-input":{"@type":"PropertyValueSpecification","valueRequired":true,"valueName":"search_term_string"}}],"inLanguage":"en-GB"},{"@type":"Organization","@id":"https:\/\/www.ahasound.sk\/#organization","name":"AHA Sound","url":"https:\/\/www.ahasound.sk\/","logo":{"@type":"ImageObject","inLanguage":"en-GB","@id":"https:\/\/www.ahasound.sk\/#\/schema\/logo\/image\/","url":"https:\/\/www.ahasound.sk\/wp-content\/uploads\/2025\/09\/AHA_sound_grey_black_400x200_rt.png","contentUrl":"https:\/\/www.ahasound.sk\/wp-content\/uploads\/2025\/09\/AHA_sound_grey_black_400x200_rt.png","width":400,"height":200,"caption":"AHA Sound"},"image":{"@id":"https:\/\/www.ahasound.sk\/#\/schema\/logo\/image\/"},"sameAs":["https:\/\/www.facebook.com\/basys.sk\/","https:\/\/www.youtube.com\/channel\/UCnpX7PBRf3MIqWCS5QLZ3hw\/videos","https:\/\/www.instagram.com\/basys.sk\/"]}]}},"_links":{"self":[{"href":"https:\/\/www.ahasound.sk\/en\/wp-json\/wp\/v2\/pages\/240","targetHints":{"allow":["GET"]}}],"collection":[{"href":"https:\/\/www.ahasound.sk\/en\/wp-json\/wp\/v2\/pages"}],"about":[{"href":"https:\/\/www.ahasound.sk\/en\/wp-json\/wp\/v2\/types\/page"}],"author":[{"embeddable":true,"href":"https:\/\/www.ahasound.sk\/en\/wp-json\/wp\/v2\/users\/1"}],"replies":[{"embeddable":true,"href":"https:\/\/www.ahasound.sk\/en\/wp-json\/wp\/v2\/comments?post=240"}],"version-history":[{"count":119,"href":"https:\/\/www.ahasound.sk\/en\/wp-json\/wp\/v2\/pages\/240\/revisions"}],"predecessor-version":[{"id":831,"href":"https:\/\/www.ahasound.sk\/en\/wp-json\/wp\/v2\/pages\/240\/revisions\/831"}],"wp:attachment":[{"href":"https:\/\/www.ahasound.sk\/en\/wp-json\/wp\/v2\/media?parent=240"}],"curies":[{"name":"wp","href":"https:\/\/api.w.org\/{rel}","templated":true}]}}