{"id":207,"date":"2025-09-28T14:41:57","date_gmt":"2025-09-28T12:41:57","guid":{"rendered":"https:\/\/www.ahasound.sk\/?page_id=207"},"modified":"2025-10-01T10:47:06","modified_gmt":"2025-10-01T08:47:06","slug":"o-nas","status":"publish","type":"page","link":"https:\/\/www.ahasound.sk\/en\/o-nas\/","title":{"rendered":"About us"},"content":{"rendered":"<div id=\"fws_69f4964c68ee0\"  data-column-margin=\"default\" data-midnight=\"light\"  class=\"wpb_row vc_row-fluid vc_row full-width-content vc_row-o-full-height vc_row-o-columns-stretch vc_row-o-equal-height vc_row-flex vc_row-o-content-bottom\"  style=\"padding-top: 0px; padding-bottom: 0px; \"><div class=\"row-bg-wrap\" data-bg-animation=\"none\" data-bg-animation-delay=\"\" data-bg-overlay=\"false\"><div class=\"inner-wrap row-bg-layer\" ><div class=\"row-bg viewport-desktop using-bg-color\"  style=\"background-color: #141414; \"><\/div><\/div><\/div><div class=\"row_col_wrap_12 col span_12 light left\">\n\t<div  class=\"vc_col-sm-6 wpb_column column_container vc_column_container col left_padding_desktop_15pct right_padding_desktop_15pct\"  data-padding-pos=\"all\" data-has-bg-color=\"false\" data-bg-color=\"\" data-bg-opacity=\"1\" data-animation=\"\" data-delay=\"0\" >\n\t\t<div class=\"vc_column-inner\" >\n\t\t\t<div class=\"wpb_wrapper\">\n\t\t\t\t<div id=\"fws_69f4964c69beb\" data-midnight=\"\" data-column-margin=\"default\" class=\"wpb_row vc_row-fluid vc_row inner_row\"  style=\"\"><div class=\"row-bg-wrap\"> <div class=\"row-bg\" ><\/div> <\/div><div class=\"row_col_wrap_12_inner col span_12  left\">\n\t<div  class=\"vc_col-sm-12 wpb_column column_container vc_column_container col child_column has-animation no-extra-padding inherit_tablet inherit_phone\"   data-padding-pos=\"all\" data-has-bg-color=\"false\" data-bg-color=\"\" data-bg-opacity=\"1\" data-animation=\"fade-in-from-bottom\" data-delay=\"0\" >\n\t\t<div class=\"vc_column-inner\" >\n\t\t<div class=\"wpb_wrapper\">\n\t\t\t<h4 style=\"color: #B49971;text-align: left\" class=\"vc_custom_heading vc_do_custom_heading vc_custom_1759066932142\" >About us<\/h4>\n\t\t<\/div> \n\t<\/div>\n\t<\/div> \n<\/div><\/div><div id=\"fws_69f4964c6a763\" data-midnight=\"\" data-column-margin=\"default\" class=\"wpb_row vc_row-fluid vc_row inner_row\"  style=\"\"><div class=\"row-bg-wrap\"> <div class=\"row-bg\" ><\/div> <\/div><div class=\"row_col_wrap_12_inner col span_12  left\">\n\t<div  class=\"vc_col-sm-12 wpb_column column_container vc_column_container col child_column has-animation no-extra-padding inherit_tablet inherit_phone\"   data-padding-pos=\"all\" data-has-bg-color=\"false\" data-bg-color=\"\" data-bg-opacity=\"1\" data-animation=\"fade-in-from-bottom\" data-delay=\"100\" >\n\t\t<div class=\"vc_column-inner\" >\n\t\t<div class=\"wpb_wrapper\">\n\t\t\t<h2 style=\"font-size: 40px;line-height: 50px;text-align: left\" class=\"vc_custom_heading vc_do_custom_heading\" >It all started in 2020,<\/h2>\n\t\t<\/div> \n\t<\/div>\n\t<\/div> \n<\/div><\/div><div id=\"fws_69f4964c6aa50\" data-midnight=\"\" data-column-margin=\"default\" class=\"wpb_row vc_row-fluid vc_row inner_row\"  style=\"\"><div class=\"row-bg-wrap\"> <div class=\"row-bg\" ><\/div> <\/div><div class=\"row_col_wrap_12_inner col span_12  left\">\n\t<div  class=\"vc_col-sm-12 wpb_column column_container vc_column_container col child_column has-animation no-extra-padding inherit_tablet inherit_phone\"   data-padding-pos=\"all\" data-has-bg-color=\"false\" data-bg-color=\"\" data-bg-opacity=\"1\" data-animation=\"fade-in-from-bottom\" data-delay=\"200\" >\n\t\t<div class=\"vc_column-inner\" >\n\t\t<div class=\"wpb_wrapper\">\n\t\t\t\n<div class=\"wpb_text_column wpb_content_element  vc_custom_1759268818114\" >\n\t<div class=\"wpb_wrapper\">\n\t\t<p>kedy dvaja zanieten\u00ed nad\u0161enci pre zvuk za\u010dali rie\u0161i\u0165 vlastn\u00fd n\u00e1vrh HiFi reproduktorov. Vzorom v tomto pr\u00edpade boli zna\u010dky Cabasse a Tannoy,\u00a0 ktor\u00e9 \u00faspe\u0161ne pou\u017e\u00edvaj\u00fa kon\u0161trukciu s pou\u017eit\u00edm jedn\u00e9ho koaxi\u00e1lneho meni\u010da.<\/p>\n<blockquote><p>\n\u201cMore balanced and coherent sound, more natural and accurate soundstage,  surround sound and atmosphere \u2013 attributes that excited me every time I listened to music,\u201d\n<\/p><\/blockquote>\n<p>those are the words of Franti\u0161ek Mat\u00e9 from BaSys SK, who is behind the idea of this project.<\/p>\n<p><strong>The goal was to develop a new speaker shape with excellent sound quality at an affordable price.<\/strong><\/p>\n<p>Viktor Boronkay from BG Acoustics is a long-time sound engineer and designer of professional speakers, who created the enclosure solution and provided the technical background for the project. Four years of development, experiments, measurements and searching for the optimal solution were definitely worth it.<\/p>\n\t<\/div>\n<\/div>\n\n\n\n\n\t\t<\/div> \n\t<\/div>\n\t<\/div> \n<\/div><\/div>\n\t\t\t<\/div> \n\t\t<\/div>\n\t<\/div> \n\n\t<div style=\"\" class=\"vc_col-sm-6 wpb_column column_container vc_column_container col has-animation\" data-using-bg=\"true\" data-bg-cover=\"true\" data-padding-pos=\"all\" data-has-bg-color=\"false\" data-bg-color=\"\" data-bg-opacity=\"1\" data-animation=\"fade-in-from-right\" data-delay=\"300\" >\n\t\t<div class=\"vc_column-inner\" ><div class=\"column-image-bg-wrap column-bg-layer viewport-desktop\" data-bg-pos=\"center center\" data-bg-animation=\"none\" data-bg-overlay=\"false\"><div class=\"inner-wrap\"><div class=\"column-image-bg\" style=\" background-image: url('https:\/\/www.ahasound.sk\/wp-content\/uploads\/2025\/09\/MKF9417-scaled.jpg'); \"><\/div><\/div><\/div>\n\t\t\t<div class=\"wpb_wrapper\">\n\t\t\t\t<div id=\"fws_69f4964c6b91a\" data-midnight=\"\" data-column-margin=\"default\" class=\"wpb_row vc_row-fluid vc_row inner_row  right_padding_50px left_padding_50px\"  style=\"padding-top: 90%; padding-bottom: 50px; \"><div class=\"row-bg-wrap\"> <div class=\"row-bg\" ><\/div> <\/div><div class=\"row_col_wrap_12_inner col span_12  left\">\n\t<div  class=\"vc_col-sm-12 wpb_column column_container vc_column_container col child_column no-extra-padding inherit_tablet inherit_phone\"   data-padding-pos=\"all\" data-has-bg-color=\"false\" data-bg-color=\"\" data-bg-opacity=\"1\" data-animation=\"\" data-delay=\"0\" >\n\t\t<div class=\"vc_column-inner\" >\n\t\t<div class=\"wpb_wrapper\">\n\t\t\t\n<div class=\"wpb_text_column wpb_content_element\" >\n\t<div class=\"wpb_wrapper\">\n\t\t<blockquote><p>\nNa\u0161e reproduktorov\u00e9 skrine s\u00fa ru\u010dne vyr\u00e1ban\u00e9 na objedn\u00e1vku, v\u010faka \u010domu je ka\u017ed\u00fd p\u00e1r reproduktorov pre dan\u00e9ho z\u00e1kazn\u00edka jedine\u010dn\u00fd. Vieme pou\u017ei\u0165 vysokoleskl\u00fd perle\u0165ov\u00fd leskl\u00fd lak, matn\u00fa povrchov\u00fa \u00fapravu \u010di vyhran\u00fa dyhu z prav\u00e9ho dreva.\n<\/p><\/blockquote>\n\t<\/div>\n<\/div>\n\n\n\n\n\t\t<\/div> \n\t<\/div>\n\t<\/div> \n<\/div><\/div>\n\t\t\t<\/div> \n\t\t<\/div>\n\t<\/div> \n<\/div><\/div>","protected":false},"excerpt":{"rendered":"O n\u00e1s V\u0161etko za\u010dalo v roku 2020, kedy dvaja zanieten\u00ed nad\u0161enci pre zvuk za\u010dali rie\u0161i\u0165 vlastn\u00fd n\u00e1vrh HiFi reproduktorov. Vzorom v tomto pr\u00edpade boli zna\u010dky Cabasse a Tannoy,\u00a0 ktor\u00e9 \u00faspe\u0161ne...","protected":false},"author":1,"featured_media":0,"parent":0,"menu_order":0,"comment_status":"closed","ping_status":"closed","template":"","meta":{"footnotes":""},"class_list":["post-207","page","type-page","status-publish"],"yoast_head":"<!-- This site is optimized with the Yoast SEO plugin v27.4 - https:\/\/yoast.com\/product\/yoast-seo-wordpress\/ -->\n<title>O n\u00e1s - AHA Sound<\/title>\n<meta name=\"robots\" content=\"index, follow, max-snippet:-1, max-image-preview:large, max-video-preview:-1\" \/>\n<link rel=\"canonical\" href=\"https:\/\/www.ahasound.sk\/en\/o-nas\/\" \/>\n<meta property=\"og:locale\" content=\"en_GB\" \/>\n<meta property=\"og:type\" content=\"article\" \/>\n<meta property=\"og:title\" content=\"O n\u00e1s - AHA Sound\" \/>\n<meta property=\"og:url\" content=\"https:\/\/www.ahasound.sk\/en\/o-nas\/\" \/>\n<meta property=\"og:site_name\" content=\"AHA Sound\" \/>\n<meta property=\"article:publisher\" content=\"https:\/\/www.facebook.com\/basys.sk\/\" \/>\n<meta property=\"article:modified_time\" content=\"2025-10-01T08:47:06+00:00\" \/>\n<meta property=\"og:image\" content=\"https:\/\/www.ahasound.sk\/wp-content\/uploads\/2025\/10\/aha_sound_1200x675.webp\" \/>\n\t<meta property=\"og:image:width\" content=\"1200\" \/>\n\t<meta property=\"og:image:height\" content=\"675\" \/>\n\t<meta property=\"og:image:type\" content=\"image\/webp\" \/>\n<meta name=\"twitter:card\" content=\"summary_large_image\" \/>\n<meta name=\"twitter:label1\" content=\"Estimated reading time\" \/>\n\t<meta name=\"twitter:data1\" content=\"6 minutes\" \/>\n<script type=\"application\/ld+json\" class=\"yoast-schema-graph\">{\"@context\":\"https:\\\/\\\/schema.org\",\"@graph\":[{\"@type\":\"WebPage\",\"@id\":\"https:\\\/\\\/www.ahasound.sk\\\/o-nas\\\/\",\"url\":\"https:\\\/\\\/www.ahasound.sk\\\/o-nas\\\/\",\"name\":\"O n\u00e1s - AHA Sound\",\"isPartOf\":{\"@id\":\"https:\\\/\\\/www.ahasound.sk\\\/#website\"},\"datePublished\":\"2025-09-28T12:41:57+00:00\",\"dateModified\":\"2025-10-01T08:47:06+00:00\",\"breadcrumb\":{\"@id\":\"https:\\\/\\\/www.ahasound.sk\\\/o-nas\\\/#breadcrumb\"},\"inLanguage\":\"en-GB\",\"potentialAction\":[{\"@type\":\"ReadAction\",\"target\":[\"https:\\\/\\\/www.ahasound.sk\\\/o-nas\\\/\"]}]},{\"@type\":\"BreadcrumbList\",\"@id\":\"https:\\\/\\\/www.ahasound.sk\\\/o-nas\\\/#breadcrumb\",\"itemListElement\":[{\"@type\":\"ListItem\",\"position\":1,\"name\":\"Domovsk\u00e1 str\u00e1nka\",\"item\":\"https:\\\/\\\/www.ahasound.sk\\\/\"},{\"@type\":\"ListItem\",\"position\":2,\"name\":\"O n\u00e1s\"}]},{\"@type\":\"WebSite\",\"@id\":\"https:\\\/\\\/www.ahasound.sk\\\/#website\",\"url\":\"https:\\\/\\\/www.ahasound.sk\\\/\",\"name\":\"AHA Sound | Z v\u00e1\u0161ne k dobr\u00e9mu zvuku\",\"description\":\"Z v\u00e1\u0161ne k dobr\u00e9mu zvuku\",\"publisher\":{\"@id\":\"https:\\\/\\\/www.ahasound.sk\\\/#organization\"},\"potentialAction\":[{\"@type\":\"SearchAction\",\"target\":{\"@type\":\"EntryPoint\",\"urlTemplate\":\"https:\\\/\\\/www.ahasound.sk\\\/?s={search_term_string}\"},\"query-input\":{\"@type\":\"PropertyValueSpecification\",\"valueRequired\":true,\"valueName\":\"search_term_string\"}}],\"inLanguage\":\"en-GB\"},{\"@type\":\"Organization\",\"@id\":\"https:\\\/\\\/www.ahasound.sk\\\/#organization\",\"name\":\"AHA Sound\",\"url\":\"https:\\\/\\\/www.ahasound.sk\\\/\",\"logo\":{\"@type\":\"ImageObject\",\"inLanguage\":\"en-GB\",\"@id\":\"https:\\\/\\\/www.ahasound.sk\\\/#\\\/schema\\\/logo\\\/image\\\/\",\"url\":\"https:\\\/\\\/www.ahasound.sk\\\/wp-content\\\/uploads\\\/2025\\\/09\\\/AHA_sound_grey_black_400x200_rt.png\",\"contentUrl\":\"https:\\\/\\\/www.ahasound.sk\\\/wp-content\\\/uploads\\\/2025\\\/09\\\/AHA_sound_grey_black_400x200_rt.png\",\"width\":400,\"height\":200,\"caption\":\"AHA Sound\"},\"image\":{\"@id\":\"https:\\\/\\\/www.ahasound.sk\\\/#\\\/schema\\\/logo\\\/image\\\/\"},\"sameAs\":[\"https:\\\/\\\/www.facebook.com\\\/basys.sk\\\/\",\"https:\\\/\\\/www.youtube.com\\\/channel\\\/UCnpX7PBRf3MIqWCS5QLZ3hw\\\/videos\",\"https:\\\/\\\/www.instagram.com\\\/basys.sk\\\/\"]}]}<\/script>\n<!-- \/ Yoast SEO plugin. -->","yoast_head_json":{"title":"O n\u00e1s - AHA Sound","robots":{"index":"index","follow":"follow","max-snippet":"max-snippet:-1","max-image-preview":"max-image-preview:large","max-video-preview":"max-video-preview:-1"},"canonical":"https:\/\/www.ahasound.sk\/en\/o-nas\/","og_locale":"en_GB","og_type":"article","og_title":"O n\u00e1s - AHA Sound","og_url":"https:\/\/www.ahasound.sk\/en\/o-nas\/","og_site_name":"AHA Sound","article_publisher":"https:\/\/www.facebook.com\/basys.sk\/","article_modified_time":"2025-10-01T08:47:06+00:00","og_image":[{"width":1200,"height":675,"url":"https:\/\/www.ahasound.sk\/wp-content\/uploads\/2025\/10\/aha_sound_1200x675.webp","type":"image\/webp"}],"twitter_card":"summary_large_image","twitter_misc":{"Estimated reading time":"6 minutes"},"schema":{"@context":"https:\/\/schema.org","@graph":[{"@type":"WebPage","@id":"https:\/\/www.ahasound.sk\/o-nas\/","url":"https:\/\/www.ahasound.sk\/o-nas\/","name":"O n\u00e1s - AHA Sound","isPartOf":{"@id":"https:\/\/www.ahasound.sk\/#website"},"datePublished":"2025-09-28T12:41:57+00:00","dateModified":"2025-10-01T08:47:06+00:00","breadcrumb":{"@id":"https:\/\/www.ahasound.sk\/o-nas\/#breadcrumb"},"inLanguage":"en-GB","potentialAction":[{"@type":"ReadAction","target":["https:\/\/www.ahasound.sk\/o-nas\/"]}]},{"@type":"BreadcrumbList","@id":"https:\/\/www.ahasound.sk\/o-nas\/#breadcrumb","itemListElement":[{"@type":"ListItem","position":1,"name":"Domovsk\u00e1 str\u00e1nka","item":"https:\/\/www.ahasound.sk\/"},{"@type":"ListItem","position":2,"name":"O n\u00e1s"}]},{"@type":"WebSite","@id":"https:\/\/www.ahasound.sk\/#website","url":"https:\/\/www.ahasound.sk\/","name":"AHA Sound | Z v\u00e1\u0161ne k dobr\u00e9mu zvuku","description":"From passion to good sound","publisher":{"@id":"https:\/\/www.ahasound.sk\/#organization"},"potentialAction":[{"@type":"SearchAction","target":{"@type":"EntryPoint","urlTemplate":"https:\/\/www.ahasound.sk\/?s={search_term_string}"},"query-input":{"@type":"PropertyValueSpecification","valueRequired":true,"valueName":"search_term_string"}}],"inLanguage":"en-GB"},{"@type":"Organization","@id":"https:\/\/www.ahasound.sk\/#organization","name":"AHA Sound","url":"https:\/\/www.ahasound.sk\/","logo":{"@type":"ImageObject","inLanguage":"en-GB","@id":"https:\/\/www.ahasound.sk\/#\/schema\/logo\/image\/","url":"https:\/\/www.ahasound.sk\/wp-content\/uploads\/2025\/09\/AHA_sound_grey_black_400x200_rt.png","contentUrl":"https:\/\/www.ahasound.sk\/wp-content\/uploads\/2025\/09\/AHA_sound_grey_black_400x200_rt.png","width":400,"height":200,"caption":"AHA Sound"},"image":{"@id":"https:\/\/www.ahasound.sk\/#\/schema\/logo\/image\/"},"sameAs":["https:\/\/www.facebook.com\/basys.sk\/","https:\/\/www.youtube.com\/channel\/UCnpX7PBRf3MIqWCS5QLZ3hw\/videos","https:\/\/www.instagram.com\/basys.sk\/"]}]}},"_links":{"self":[{"href":"https:\/\/www.ahasound.sk\/en\/wp-json\/wp\/v2\/pages\/207","targetHints":{"allow":["GET"]}}],"collection":[{"href":"https:\/\/www.ahasound.sk\/en\/wp-json\/wp\/v2\/pages"}],"about":[{"href":"https:\/\/www.ahasound.sk\/en\/wp-json\/wp\/v2\/types\/page"}],"author":[{"embeddable":true,"href":"https:\/\/www.ahasound.sk\/en\/wp-json\/wp\/v2\/users\/1"}],"replies":[{"embeddable":true,"href":"https:\/\/www.ahasound.sk\/en\/wp-json\/wp\/v2\/comments?post=207"}],"version-history":[{"count":35,"href":"https:\/\/www.ahasound.sk\/en\/wp-json\/wp\/v2\/pages\/207\/revisions"}],"predecessor-version":[{"id":545,"href":"https:\/\/www.ahasound.sk\/en\/wp-json\/wp\/v2\/pages\/207\/revisions\/545"}],"wp:attachment":[{"href":"https:\/\/www.ahasound.sk\/en\/wp-json\/wp\/v2\/media?parent=207"}],"curies":[{"name":"wp","href":"https:\/\/api.w.org\/{rel}","templated":true}]}}